{"id":5631,"date":"2024-01-07T14:34:20","date_gmt":"2024-01-07T11:34:20","guid":{"rendered":"https:\/\/meltemayhan.k12.tr\/anadolu-fen-lisesi\/?page_id=5631"},"modified":"2024-01-07T14:42:52","modified_gmt":"2024-01-07T11:42:52","slug":"kuluplerimiz","status":"publish","type":"page","link":"https:\/\/meltemayhan.k12.tr\/anadolu-fen-lisesi\/kuluplerimiz\/","title":{"rendered":"Kul\u00fcplerimiz"},"content":{"rendered":"<p><div class=\"fusion-fullwidth fullwidth-box fusion-builder-row-1 fusion-flex-container has-pattern-background has-mask-background nonhundred-percent-fullwidth non-hundred-percent-height-scrolling\" style=\"--awb-border-radius-top-left:0px;--awb-border-radius-top-right:0px;--awb-border-radius-bottom-right:0px;--awb-border-radius-bottom-left:0px;--awb-padding-top:63px;--awb-background-color:#0d1267;--awb-flex-wrap:wrap;\" ><div class=\"fusion-builder-row fusion-row fusion-flex-align-items-flex-start fusion-flex-content-wrap\" style=\"max-width:1248px;margin-left: calc(-4% \/ 2 );margin-right: calc(-4% \/ 2 );\"><div class=\"fusion-layout-column fusion_builder_column fusion-builder-column-0 fusion_builder_column_1_1 1_1 fusion-flex-column\" style=\"--awb-bg-size:cover;--awb-width-large:100%;--awb-margin-top-large:0px;--awb-spacing-right-large:1.92%;--awb-margin-bottom-large:20px;--awb-spacing-left-large:1.92%;--awb-width-medium:100%;--awb-order-medium:0;--awb-spacing-right-medium:1.92%;--awb-spacing-left-medium:1.92%;--awb-width-small:100%;--awb-order-small:0;--awb-spacing-right-small:1.92%;--awb-spacing-left-small:1.92%;\"><div class=\"fusion-column-wrapper fusion-column-has-shadow fusion-flex-justify-content-flex-start fusion-content-layout-column\"><div class=\"fusion-title title fusion-title-1 fusion-sep-none fusion-title-highlight fusion-loop-off fusion-highlight-underline fusion-title-size-one\" style=\"--awb-text-color:var(--awb-color1);--awb-highlight-top-margin:7px;--awb-highlight-width:6;--awb-margin-bottom:4vh;--awb-font-size:3.2vw;\" data-highlight=\"underline\"><h1 class=\"fusion-title-heading title-heading-left\" style=\"margin:0;font-size:1em;\"><span class=\"fusion-highlighted-text-prefix\">At\u00f6lye ve Kl\u00fcplerimiz<\/span>  <span class=\"fusion-highlighted-text-postfix\"><\/span><\/h1><\/div><\/div><\/div><\/div><\/div><div class=\"fusion-fullwidth fullwidth-box fusion-builder-row-2 fusion-flex-container fusion-parallax-none nonhundred-percent-fullwidth non-hundred-percent-height-scrolling\" style=\"--link_color: var(--awb-color4);--awb-background-position:left bottom;--awb-border-radius-top-left:0px;--awb-border-radius-top-right:0px;--awb-border-radius-bottom-right:0px;--awb-border-radius-bottom-left:0px;--awb-padding-bottom:15vh;--awb-padding-bottom-medium:10vh;--awb-padding-bottom-small:0px;--awb-margin-bottom:0px;--awb-background-color:#0d1267;--awb-background-image:url(&quot;https:\/\/meltemayhan.k12.tr\/anadolu-fen-lisesi\/wp-content\/uploads\/2020\/08\/info-bg-3.svg&quot;);--awb-background-size:cover;--awb-flex-wrap:wrap;\" ><div class=\"fusion-builder-row fusion-row fusion-flex-align-items-stretch fusion-flex-justify-content-center fusion-flex-content-wrap\" style=\"max-width:1248px;margin-left: calc(-4% \/ 2 );margin-right: calc(-4% \/ 2 );\"><div class=\"fusion-layout-column fusion_builder_column fusion-builder-column-1 fusion_builder_column_2_5 2_5 fusion-flex-column fusion-animated\" style=\"--awb-bg-color:#ffffff;--awb-bg-color-hover:#ffffff;--awb-bg-size:cover;--awb-width-large:40%;--awb-margin-top-large:0px;--awb-spacing-right-large:0%;--awb-margin-bottom-large:20px;--awb-spacing-left-large:0%;--awb-width-medium:50%;--awb-spacing-right-medium:0%;--awb-spacing-left-medium:0%;--awb-width-small:100%;--awb-spacing-right-small:1.92%;--awb-spacing-left-small:1.92%;\" data-animationType=\"fadeInRight\" data-animationDuration=\"1.0\" data-animationOffset=\"top-into-view\"><div class=\"fusion-column-wrapper fusion-column-has-shadow fusion-flex-justify-content-flex-start fusion-content-layout-column\"><div class=\"fusion-title title fusion-title-2 fusion-sep-none fusion-title-center fusion-title-highlight fusion-loop-off fusion-highlight-underline fusion-title-size-two\" style=\"--awb-highlight-color:var(--awb-color4);--awb-margin-top:30px;--awb-margin-bottom:50px;\" data-highlight=\"underline\"><h2 class=\"fusion-title-heading title-heading-center\" style=\"margin:0;\"><span class=\"fusion-highlighted-text-prefix\"><\/span> <span class=\"fusion-highlighted-text-wrapper\"><span class=\"fusion-highlighted-text\">Kul\u00fcplerimiz<\/span><\/span> <span class=\"fusion-highlighted-text-postfix\"><\/span><\/h2><\/div><div class=\"fusion-image-element \" style=\"text-align:center;--awb-margin-right:30px;--awb-margin-bottom:20px;--awb-margin-left:30px;--awb-caption-title-font-family:var(--h2_typography-font-family);--awb-caption-title-font-weight:var(--h2_typography-font-weight);--awb-caption-title-font-style:var(--h2_typography-font-style);--awb-caption-title-size:var(--h2_typography-font-size);--awb-caption-title-transform:var(--h2_typography-text-transform);--awb-caption-title-line-height:var(--h2_typography-line-height);--awb-caption-title-letter-spacing:var(--h2_typography-letter-spacing);\"><span class=\" fusion-imageframe imageframe-none imageframe-1 hover-type-none\"><img decoding=\"async\" width=\"553\" height=\"184\" title=\"meltem-ayhan-okullari-klupler\" src=\"https:\/\/meltemayhan.k12.tr\/anadolu-fen-lisesi\/wp-content\/uploads\/2024\/01\/meltem-ayhan-okullari-klupler.jpg\" alt class=\"img-responsive wp-image-5638\" srcset=\"https:\/\/meltemayhan.k12.tr\/anadolu-fen-lisesi\/wp-content\/uploads\/2024\/01\/meltem-ayhan-okullari-klupler-200x67.jpg 200w, https:\/\/meltemayhan.k12.tr\/anadolu-fen-lisesi\/wp-content\/uploads\/2024\/01\/meltem-ayhan-okullari-klupler-400x133.jpg 400w, https:\/\/meltemayhan.k12.tr\/anadolu-fen-lisesi\/wp-content\/uploads\/2024\/01\/meltem-ayhan-okullari-klupler.jpg 553w\" sizes=\"(max-width: 640px) 100vw, 553px\" \/><\/span><\/div><div class=\"fusion-text fusion-text-1\" style=\"--awb-content-alignment:center;\"><p style=\"margin: 0px auto; width: 90%; text-align: left;\">\u00d6\u011frencilerimizin ilgi ve yetenekleri do\u011frultusunda geli\u015fmelerini sa\u011flamak ve sosyal ili\u015fkiler geli\u015ftirmeleri i\u00e7in kul\u00fcpler kurulmaktad\u0131r. Kul\u00fcpler \u00f6zellikle g\u00f6rsel sanatlar, m\u00fczik ve spor alanlar\u0131nda olmakla birlikte, drama, gezi vb. alanlarda da olabilmektedir. Hangi kul\u00fcplerin a\u00e7\u0131laca\u011f\u0131 her y\u0131l\u0131n ba\u015f\u0131nda \u00f6\u011frencilerimizin tercihleriyle belirlenmektedir.<\/p>\n<\/div><div class=\"fusion-builder-row fusion-builder-row-inner fusion-row fusion-flex-align-items-stretch fusion-flex-justify-content-center fusion-flex-content-wrap\" style=\"width:104% !important;max-width:104% !important;margin-left: calc(-4% \/ 2 );margin-right: calc(-4% \/ 2 );\"><div class=\"fusion-layout-column fusion_builder_column_inner fusion-builder-nested-column-0 fusion_builder_column_inner_1_1 1_1 fusion-flex-column\" style=\"--awb-bg-size:cover;--awb-width-large:100%;--awb-margin-top-large:0px;--awb-spacing-right-large:1.92%;--awb-margin-bottom-large:20px;--awb-spacing-left-large:1.92%;--awb-width-medium:100%;--awb-order-medium:0;--awb-spacing-right-medium:1.92%;--awb-spacing-left-medium:1.92%;--awb-width-small:100%;--awb-order-small:0;--awb-spacing-right-small:1.92%;--awb-spacing-left-small:1.92%;\"><div class=\"fusion-column-wrapper fusion-column-has-shadow fusion-flex-justify-content-flex-start fusion-content-layout-column\"><\/div><\/div><\/div><\/div><\/div><div class=\"fusion-layout-column fusion_builder_column fusion-builder-column-2 fusion_builder_column_3_5 3_5 fusion-flex-column\" style=\"--awb-padding-top:35px;--awb-padding-right:20px;--awb-padding-bottom:80px;--awb-padding-left:20px;--awb-padding-top-small:40px;--awb-padding-right-small:40px;--awb-padding-bottom-small:40px;--awb-padding-left-small:40px;--awb-overflow:hidden;--awb-bg-color:#fcfcfc;--awb-bg-color-hover:#fcfcfc;--awb-bg-size:cover;--awb-border-radius:6px 6px 6px 6px;--awb-width-large:60%;--awb-margin-top-large:0px;--awb-spacing-right-large:3.2%;--awb-margin-bottom-large:0px;--awb-spacing-left-large:3.2%;--awb-width-medium:60%;--awb-order-medium:0;--awb-spacing-right-medium:3.2%;--awb-margin-bottom-medium:4vh;--awb-spacing-left-medium:3.2%;--awb-width-small:100%;--awb-order-small:0;--awb-spacing-right-small:1.92%;--awb-margin-bottom-small:30px;--awb-spacing-left-small:1.92%;\"><div class=\"fusion-column-wrapper fusion-column-has-shadow fusion-flex-justify-content-flex-start fusion-content-layout-column\"><div class=\"fusion-builder-row fusion-builder-row-inner fusion-row fusion-flex-align-items-stretch fusion-flex-justify-content-center fusion-flex-content-wrap\" style=\"width:104% !important;max-width:104% !important;margin-left: calc(-4% \/ 2 );margin-right: calc(-4% \/ 2 );\"><div class=\"fusion-layout-column fusion_builder_column_inner fusion-builder-nested-column-1 fusion_builder_column_inner_1_1 1_1 fusion-flex-column\" style=\"--awb-bg-size:cover;--awb-width-large:100%;--awb-margin-top-large:0px;--awb-spacing-right-large:1.92%;--awb-margin-bottom-large:20px;--awb-spacing-left-large:1.92%;--awb-width-medium:100%;--awb-order-medium:0;--awb-spacing-right-medium:1.92%;--awb-spacing-left-medium:1.92%;--awb-width-small:100%;--awb-order-small:0;--awb-spacing-right-small:1.92%;--awb-spacing-left-small:1.92%;\"><div class=\"fusion-column-wrapper fusion-column-has-shadow fusion-flex-justify-content-flex-start fusion-content-layout-column\"><\/div><\/div><\/div><div class=\"fusion-title title fusion-title-3 fusion-sep-none fusion-title-text fusion-title-size-four\"><h4 class=\"fusion-title-heading title-heading-left\" style=\"margin:0;\"><strong>Faaliyetteki Kul\u00fcplerimiz<\/strong><\/h4><\/div><div class=\"fusion-builder-row fusion-builder-row-inner fusion-row fusion-flex-align-items-stretch fusion-flex-justify-content-center fusion-flex-content-wrap\" style=\"width:104% !important;max-width:104% !important;margin-left: calc(-4% \/ 2 );margin-right: calc(-4% \/ 2 );\"><div class=\"fusion-layout-column fusion_builder_column_inner fusion-builder-nested-column-2 fusion_builder_column_inner_1_1 1_1 fusion-flex-column\" style=\"--awb-bg-size:cover;--awb-width-large:100%;--awb-margin-top-large:0px;--awb-spacing-right-large:1.92%;--awb-margin-bottom-large:20px;--awb-spacing-left-large:1.92%;--awb-width-medium:100%;--awb-order-medium:0;--awb-spacing-right-medium:1.92%;--awb-spacing-left-medium:1.92%;--awb-width-small:100%;--awb-order-small:0;--awb-spacing-right-small:1.92%;--awb-spacing-left-small:1.92%;\"><div class=\"fusion-column-wrapper fusion-column-has-shadow fusion-flex-justify-content-flex-start fusion-content-layout-column\"><\/div><\/div><\/div><div class=\"fusion-separator fusion-full-width-sep\" style=\"align-self: center;margin-left: auto;margin-right: auto;width:100%;\"><div class=\"fusion-separator-border sep-double\" style=\"--awb-height:20px;--awb-amount:20px;border-color:var(--awb-color3);border-top-width:1px;border-bottom-width:1px;\"><\/div><\/div><style type=\"text\/css\">.fusion-faqs-wrapper #accordian-1 .fusion-panel { border-color:var(--awb-color3); }.fusion-faqs-wrapper #accordian-1 .fusion-panel:hover{ border-color: var(--awb-color3); }.fusion-accordian #accordian-1 .panel-title a .fa-fusion-box:before{ font-size: 16px;width: 16px;}.fusion-accordian #accordian-1 .panel-title a .fa-fusion-box{ color: var(--awb-color1);}.fusion-accordian  #accordian-1 .panel-title a{font-family:var(--awb-typography1-font-family);font-weight:var(--awb-typography1-font-weight);font-style:var(--awb-typography1-font-style);}.fusion-accordian  #accordian-1 .panel-title a:not(:hover){}.fusion-accordian  #accordian-1 .toggle-content{font-family:var(--awb-typography4-font-family);font-weight:var(--awb-typography4-font-weight);font-style:var(--awb-typography4-font-style);}.fusion-accordian #accordian-1 .fa-fusion-box { background-color: var(--awb-color7) !important;border-color: var(--awb-color7) !important;}.fusion-accordian #accordian-1 .panel-title a:hover,.fusion-accordian #accordian-1 .panel-title a.hover { color: var(--awb-color4);}.fusion-faq-shortcode .fusion-accordian #accordian-1 .fusion-toggle-boxed-mode:hover .panel-title a { color: var(--awb-color4);}.fusion-accordian #accordian-1 .panel-title .active .fa-fusion-box,.fusion-accordian #accordian-1 .panel-title a:hover .fa-fusion-box,.fusion-accordian #accordian-1 .panel-title a.hover .fa-fusion-box { background-color: var(--awb-color4)!important;border-color: var(--awb-color4)!important;}<\/style><div class=\"fusion-faq-shortcode\" style=\"\"><div class=\"fusion-faqs-wrapper\"><div class=\"accordian fusion-accordian\"><div class=\"panel-group \" id=\"accordian-1\"><div class=\"fusion-panel panel-default fusion-faq-post fusion-faq-post-5613 meltem-ayhan-okullari-klupler \"><span class=\"entry-title rich-snippet-hidden\">Almanca<\/span><span class=\"vcard rich-snippet-hidden\"><span class=\"fn\"><a href=\"https:\/\/meltemayhan.k12.tr\/anadolu-fen-lisesi\/author\/meltemayhan\/\" title=\"meltemayhan taraf\u0131ndan yaz\u0131lan yaz\u0131lar\" rel=\"author\">meltemayhan<\/a><\/span><\/span><span class=\"updated rich-snippet-hidden\">2024-01-07T14:32:11+03:00<\/span><div class=\"panel-heading\"><h4 id=\"faq_1-5613\" class=\"panel-title toggle\"><a data-toggle=\"collapse\" class=\"collapsed\" data-parent=\"#accordian-1\" data-target=\"#collapse-1-5613\" href=\"#collapse-1-5613\" aria-expanded=\"false\"><div class=\"fusion-toggle-icon-wrapper\"><div class=\"fusion-toggle-icon-wrapper-main\"><div class=\"fusion-toggle-icon-wrapper-sub\"><i class=\"fa-fusion-box active-icon awb-icon-minus\" aria-hidden=\"true\"><\/i><i class=\"fa-fusion-box inactive-icon awb-icon-plus\" aria-hidden=\"true\"><\/i><\/div><\/div><\/div><div class=\"fusion-toggle-heading\">Almanca<\/div><\/a><\/h4><\/div><div id=\"collapse-1-5613\" aria-labelledby=\"faq_1-5613\" class=\"panel-collapse collapse\"><div class=\"panel-body toggle-content post-content\"><\/div><\/div><\/div><div class=\"fusion-panel panel-default fusion-faq-post fusion-faq-post-5614 meltem-ayhan-okullari-klupler \"><span class=\"entry-title rich-snippet-hidden\">\u0130ngilizce Drama<\/span><span class=\"vcard rich-snippet-hidden\"><span class=\"fn\"><a href=\"https:\/\/meltemayhan.k12.tr\/anadolu-fen-lisesi\/author\/meltemayhan\/\" title=\"meltemayhan taraf\u0131ndan yaz\u0131lan yaz\u0131lar\" rel=\"author\">meltemayhan<\/a><\/span><\/span><span class=\"updated rich-snippet-hidden\">2024-01-07T14:31:46+03:00<\/span><div class=\"panel-heading\"><h4 id=\"faq_1-5614\" class=\"panel-title toggle\"><a data-toggle=\"collapse\" class=\"collapsed\" data-parent=\"#accordian-1\" data-target=\"#collapse-1-5614\" href=\"#collapse-1-5614\" aria-expanded=\"false\"><div class=\"fusion-toggle-icon-wrapper\"><div class=\"fusion-toggle-icon-wrapper-main\"><div class=\"fusion-toggle-icon-wrapper-sub\"><i class=\"fa-fusion-box active-icon awb-icon-minus\" aria-hidden=\"true\"><\/i><i class=\"fa-fusion-box inactive-icon awb-icon-plus\" aria-hidden=\"true\"><\/i><\/div><\/div><\/div><div class=\"fusion-toggle-heading\">\u0130ngilizce Drama<\/div><\/a><\/h4><\/div><div id=\"collapse-1-5614\" aria-labelledby=\"faq_1-5614\" class=\"panel-collapse collapse\"><div class=\"panel-body toggle-content post-content\"><\/div><\/div><\/div><div class=\"fusion-panel panel-default fusion-faq-post fusion-faq-post-5615 meltem-ayhan-okullari-klupler \"><span class=\"entry-title rich-snippet-hidden\">Kodlama<\/span><span class=\"vcard rich-snippet-hidden\"><span class=\"fn\"><a href=\"https:\/\/meltemayhan.k12.tr\/anadolu-fen-lisesi\/author\/meltemayhan\/\" title=\"meltemayhan taraf\u0131ndan yaz\u0131lan yaz\u0131lar\" rel=\"author\">meltemayhan<\/a><\/span><\/span><span class=\"updated rich-snippet-hidden\">2024-01-07T14:31:17+03:00<\/span><div class=\"panel-heading\"><h4 id=\"faq_1-5615\" class=\"panel-title toggle\"><a data-toggle=\"collapse\" class=\"collapsed\" data-parent=\"#accordian-1\" data-target=\"#collapse-1-5615\" href=\"#collapse-1-5615\" aria-expanded=\"false\"><div class=\"fusion-toggle-icon-wrapper\"><div class=\"fusion-toggle-icon-wrapper-main\"><div class=\"fusion-toggle-icon-wrapper-sub\"><i class=\"fa-fusion-box active-icon awb-icon-minus\" aria-hidden=\"true\"><\/i><i class=\"fa-fusion-box inactive-icon awb-icon-plus\" aria-hidden=\"true\"><\/i><\/div><\/div><\/div><div class=\"fusion-toggle-heading\">Kodlama<\/div><\/a><\/h4><\/div><div id=\"collapse-1-5615\" aria-labelledby=\"faq_1-5615\" class=\"panel-collapse collapse\"><div class=\"panel-body toggle-content post-content\"><\/div><\/div><\/div><div class=\"fusion-panel panel-default fusion-faq-post fusion-faq-post-5616 meltem-ayhan-okullari-klupler \"><span class=\"entry-title rich-snippet-hidden\">M\u00fczik<\/span><span class=\"vcard rich-snippet-hidden\"><span class=\"fn\"><a href=\"https:\/\/meltemayhan.k12.tr\/anadolu-fen-lisesi\/author\/meltemayhan\/\" title=\"meltemayhan taraf\u0131ndan yaz\u0131lan yaz\u0131lar\" rel=\"author\">meltemayhan<\/a><\/span><\/span><span class=\"updated rich-snippet-hidden\">2024-01-07T14:31:00+03:00<\/span><div class=\"panel-heading\"><h4 id=\"faq_1-5616\" class=\"panel-title toggle\"><a data-toggle=\"collapse\" class=\"collapsed\" data-parent=\"#accordian-1\" data-target=\"#collapse-1-5616\" href=\"#collapse-1-5616\" aria-expanded=\"false\"><div class=\"fusion-toggle-icon-wrapper\"><div class=\"fusion-toggle-icon-wrapper-main\"><div class=\"fusion-toggle-icon-wrapper-sub\"><i class=\"fa-fusion-box active-icon awb-icon-minus\" aria-hidden=\"true\"><\/i><i class=\"fa-fusion-box inactive-icon awb-icon-plus\" aria-hidden=\"true\"><\/i><\/div><\/div><\/div><div class=\"fusion-toggle-heading\">M\u00fczik<\/div><\/a><\/h4><\/div><div id=\"collapse-1-5616\" aria-labelledby=\"faq_1-5616\" class=\"panel-collapse collapse\"><div class=\"panel-body toggle-content post-content\"><\/div><\/div><\/div><div class=\"fusion-panel panel-default fusion-faq-post fusion-faq-post-5617 meltem-ayhan-okullari-klupler \"><span class=\"entry-title rich-snippet-hidden\">Tiyatro<\/span><span class=\"vcard rich-snippet-hidden\"><span class=\"fn\"><a href=\"https:\/\/meltemayhan.k12.tr\/anadolu-fen-lisesi\/author\/meltemayhan\/\" title=\"meltemayhan taraf\u0131ndan yaz\u0131lan yaz\u0131lar\" rel=\"author\">meltemayhan<\/a><\/span><\/span><span class=\"updated rich-snippet-hidden\">2024-01-07T14:30:32+03:00<\/span><div class=\"panel-heading\"><h4 id=\"faq_1-5617\" class=\"panel-title toggle\"><a data-toggle=\"collapse\" class=\"collapsed\" data-parent=\"#accordian-1\" data-target=\"#collapse-1-5617\" href=\"#collapse-1-5617\" aria-expanded=\"false\"><div class=\"fusion-toggle-icon-wrapper\"><div class=\"fusion-toggle-icon-wrapper-main\"><div class=\"fusion-toggle-icon-wrapper-sub\"><i class=\"fa-fusion-box active-icon awb-icon-minus\" aria-hidden=\"true\"><\/i><i class=\"fa-fusion-box inactive-icon awb-icon-plus\" aria-hidden=\"true\"><\/i><\/div><\/div><\/div><div class=\"fusion-toggle-heading\">Tiyatro<\/div><\/a><\/h4><\/div><div id=\"collapse-1-5617\" aria-labelledby=\"faq_1-5617\" class=\"panel-collapse collapse\"><div class=\"panel-body toggle-content post-content\"><\/div><\/div><\/div><div class=\"fusion-panel panel-default fusion-faq-post fusion-faq-post-5618 meltem-ayhan-okullari-klupler \"><span class=\"entry-title rich-snippet-hidden\">Halk Oyunlar\u0131<\/span><span class=\"vcard rich-snippet-hidden\"><span class=\"fn\"><a href=\"https:\/\/meltemayhan.k12.tr\/anadolu-fen-lisesi\/author\/meltemayhan\/\" title=\"meltemayhan taraf\u0131ndan yaz\u0131lan yaz\u0131lar\" rel=\"author\">meltemayhan<\/a><\/span><\/span><span class=\"updated rich-snippet-hidden\">2024-01-07T14:30:17+03:00<\/span><div class=\"panel-heading\"><h4 id=\"faq_1-5618\" class=\"panel-title toggle\"><a data-toggle=\"collapse\" class=\"collapsed\" data-parent=\"#accordian-1\" data-target=\"#collapse-1-5618\" href=\"#collapse-1-5618\" aria-expanded=\"false\"><div class=\"fusion-toggle-icon-wrapper\"><div class=\"fusion-toggle-icon-wrapper-main\"><div class=\"fusion-toggle-icon-wrapper-sub\"><i class=\"fa-fusion-box active-icon awb-icon-minus\" aria-hidden=\"true\"><\/i><i class=\"fa-fusion-box inactive-icon awb-icon-plus\" aria-hidden=\"true\"><\/i><\/div><\/div><\/div><div class=\"fusion-toggle-heading\">Halk Oyunlar\u0131<\/div><\/a><\/h4><\/div><div id=\"collapse-1-5618\" aria-labelledby=\"faq_1-5618\" class=\"panel-collapse collapse\"><div class=\"panel-body toggle-content post-content\"><\/div><\/div><\/div><div class=\"fusion-panel panel-default fusion-faq-post fusion-faq-post-5619 meltem-ayhan-okullari-klupler \"><span class=\"entry-title rich-snippet-hidden\">Ak\u0131l Oyunlar\u0131<\/span><span class=\"vcard rich-snippet-hidden\"><span class=\"fn\"><a href=\"https:\/\/meltemayhan.k12.tr\/anadolu-fen-lisesi\/author\/meltemayhan\/\" title=\"meltemayhan taraf\u0131ndan yaz\u0131lan yaz\u0131lar\" rel=\"author\">meltemayhan<\/a><\/span><\/span><span class=\"updated rich-snippet-hidden\">2024-01-07T14:29:59+03:00<\/span><div class=\"panel-heading\"><h4 id=\"faq_1-5619\" class=\"panel-title toggle\"><a data-toggle=\"collapse\" class=\"collapsed\" data-parent=\"#accordian-1\" data-target=\"#collapse-1-5619\" href=\"#collapse-1-5619\" aria-expanded=\"false\"><div class=\"fusion-toggle-icon-wrapper\"><div class=\"fusion-toggle-icon-wrapper-main\"><div class=\"fusion-toggle-icon-wrapper-sub\"><i class=\"fa-fusion-box active-icon awb-icon-minus\" aria-hidden=\"true\"><\/i><i class=\"fa-fusion-box inactive-icon awb-icon-plus\" aria-hidden=\"true\"><\/i><\/div><\/div><\/div><div class=\"fusion-toggle-heading\">Ak\u0131l Oyunlar\u0131<\/div><\/a><\/h4><\/div><div id=\"collapse-1-5619\" aria-labelledby=\"faq_1-5619\" class=\"panel-collapse collapse\"><div class=\"panel-body toggle-content post-content\"><\/div><\/div><\/div><div class=\"fusion-panel panel-default fusion-faq-post fusion-faq-post-5620 meltem-ayhan-okullari-klupler \"><span class=\"entry-title rich-snippet-hidden\">\u00c7evre Kul\u00fcb\u00fc<\/span><span class=\"vcard rich-snippet-hidden\"><span class=\"fn\"><a href=\"https:\/\/meltemayhan.k12.tr\/anadolu-fen-lisesi\/author\/meltemayhan\/\" title=\"meltemayhan taraf\u0131ndan yaz\u0131lan yaz\u0131lar\" rel=\"author\">meltemayhan<\/a><\/span><\/span><span class=\"updated rich-snippet-hidden\">2024-01-07T14:29:43+03:00<\/span><div class=\"panel-heading\"><h4 id=\"faq_1-5620\" class=\"panel-title toggle\"><a data-toggle=\"collapse\" class=\"collapsed\" data-parent=\"#accordian-1\" data-target=\"#collapse-1-5620\" href=\"#collapse-1-5620\" aria-expanded=\"false\"><div class=\"fusion-toggle-icon-wrapper\"><div class=\"fusion-toggle-icon-wrapper-main\"><div class=\"fusion-toggle-icon-wrapper-sub\"><i class=\"fa-fusion-box active-icon awb-icon-minus\" aria-hidden=\"true\"><\/i><i class=\"fa-fusion-box inactive-icon awb-icon-plus\" aria-hidden=\"true\"><\/i><\/div><\/div><\/div><div class=\"fusion-toggle-heading\">\u00c7evre Kul\u00fcb\u00fc<\/div><\/a><\/h4><\/div><div id=\"collapse-1-5620\" aria-labelledby=\"faq_1-5620\" class=\"panel-collapse collapse\"><div class=\"panel-body toggle-content post-content\"><\/div><\/div><\/div><div class=\"fusion-panel panel-default fusion-faq-post fusion-faq-post-5611 meltem-ayhan-okullari-klupler \"><span class=\"entry-title rich-snippet-hidden\">Ke\u00e7e Tasar\u0131m\u0131<\/span><span class=\"vcard rich-snippet-hidden\"><span class=\"fn\"><a href=\"https:\/\/meltemayhan.k12.tr\/anadolu-fen-lisesi\/author\/meltemayhan\/\" title=\"meltemayhan taraf\u0131ndan yaz\u0131lan yaz\u0131lar\" rel=\"author\">meltemayhan<\/a><\/span><\/span><span class=\"updated rich-snippet-hidden\">2024-01-07T14:28:03+03:00<\/span><div class=\"panel-heading\"><h4 id=\"faq_1-5611\" class=\"panel-title toggle\"><a data-toggle=\"collapse\" class=\"collapsed\" data-parent=\"#accordian-1\" data-target=\"#collapse-1-5611\" href=\"#collapse-1-5611\" aria-expanded=\"false\"><div class=\"fusion-toggle-icon-wrapper\"><div class=\"fusion-toggle-icon-wrapper-main\"><div class=\"fusion-toggle-icon-wrapper-sub\"><i class=\"fa-fusion-box active-icon awb-icon-minus\" aria-hidden=\"true\"><\/i><i class=\"fa-fusion-box inactive-icon awb-icon-plus\" aria-hidden=\"true\"><\/i><\/div><\/div><\/div><div class=\"fusion-toggle-heading\">Ke\u00e7e Tasar\u0131m\u0131<\/div><\/a><\/h4><\/div><div id=\"collapse-1-5611\" aria-labelledby=\"faq_1-5611\" class=\"panel-collapse collapse\"><div class=\"panel-body toggle-content post-content\"><\/div><\/div><\/div><\/div><\/div><\/div><\/div><\/div><\/div><\/div><\/div><\/p>\n","protected":false},"excerpt":{"rendered":"","protected":false},"author":1,"featured_media":0,"parent":0,"menu_order":0,"comment_status":"closed","ping_status":"closed","template":"100-width.php","meta":{"content-type":"","footnotes":""},"class_list":["post-5631","page","type-page","status-publish","hentry"],"_links":{"self":[{"href":"https:\/\/meltemayhan.k12.tr\/anadolu-fen-lisesi\/wp-json\/wp\/v2\/pages\/5631","targetHints":{"allow":["GET"]}}],"collection":[{"href":"https:\/\/meltemayhan.k12.tr\/anadolu-fen-lisesi\/wp-json\/wp\/v2\/pages"}],"about":[{"href":"https:\/\/meltemayhan.k12.tr\/anadolu-fen-lisesi\/wp-json\/wp\/v2\/types\/page"}],"author":[{"embeddable":true,"href":"https:\/\/meltemayhan.k12.tr\/anadolu-fen-lisesi\/wp-json\/wp\/v2\/users\/1"}],"replies":[{"embeddable":true,"href":"https:\/\/meltemayhan.k12.tr\/anadolu-fen-lisesi\/wp-json\/wp\/v2\/comments?post=5631"}],"version-history":[{"count":0,"href":"https:\/\/meltemayhan.k12.tr\/anadolu-fen-lisesi\/wp-json\/wp\/v2\/pages\/5631\/revisions"}],"wp:attachment":[{"href":"https:\/\/meltemayhan.k12.tr\/anadolu-fen-lisesi\/wp-json\/wp\/v2\/media?parent=5631"}],"curies":[{"name":"wp","href":"https:\/\/api.w.org\/{rel}","templated":true}]}}